{"id":847,"date":"2025-09-30T22:14:40","date_gmt":"2025-09-30T20:14:40","guid":{"rendered":"https:\/\/jazzlt.lt\/?page_id=847"},"modified":"2026-04-27T14:34:57","modified_gmt":"2026-04-27T12:34:57","slug":"sekmes-ritmu","status":"publish","type":"page","link":"https:\/\/jazzlt.lt\/en\/sekmes-ritmu\/","title":{"rendered":"Rhythm of Success"},"content":{"rendered":"<p>\"S\u0117km\u0117s ritmu\" (Rhythm of Success) is a podcast about the world of jazz music and its people. Here, we talk openly and sincerely with musicians, creators, and industry professionals, searching for answers to what it means to create, grow, and survive in today's cultural scene. Each episode is an authentic personal story about the musical journey of our guests and the personal values shaped by their life experiences.<\/p>\n\n\n\n<hr class=\"wp-block-separator has-alpha-channel-opacity\"\/>\n\n\n\n<p><strong>Mindaugas Stumbras<\/strong> \u2013 searching between styles and countries: guitarist's musical journey.<\/p>\n\n\n\n<figure class=\"wp-block-embed is-type-rich is-provider-spotify wp-block-embed-spotify wp-embed-aspect-21-9 wp-has-aspect-ratio\"><div class=\"wp-block-embed__wrapper\">\n<iframe title=\"Spotify Embed: S\u0117km\u0117s Ritmu\/Rhythm of Success - Mindaugas Stumbras\" style=\"border-radius: 12px\" width=\"100%\" height=\"152\" frameborder=\"0\" allowfullscreen allow=\"autoplay; clipboard-write; encrypted-media; fullscreen; picture-in-picture\" loading=\"lazy\" src=\"https:\/\/open.spotify.com\/embed\/episode\/1rHUmrzaO5SGD7R7E3gT0E?utm_source=oembed\"><\/iframe>\n<\/div><\/figure>\n\n\n\n<p><strong>Dorot\u0117ja B\u016bdait\u0117<\/strong> \u2013 from academic work and hospitality to the decision to rediscover herself in the music industry.<\/p>\n\n\n\n<figure class=\"wp-block-embed is-type-rich is-provider-spotify wp-block-embed-spotify wp-embed-aspect-21-9 wp-has-aspect-ratio\"><div class=\"wp-block-embed__wrapper\">\n<iframe title=\"Spotify Embed: S\u0117km\u0117s Ritmu\/Rhythm of Success - Dorot\u0117ja B\u016bdait\u0117\" style=\"border-radius: 12px\" width=\"100%\" height=\"152\" frameborder=\"0\" allowfullscreen allow=\"autoplay; clipboard-write; encrypted-media; fullscreen; picture-in-picture\" loading=\"lazy\" src=\"https:\/\/open.spotify.com\/embed\/episode\/2CRz7LmQi2HsifiaJEyxmh?si=iEnzIDsZTbq_Bs2TSHwqpg&amp;utm_source=oembed\"><\/iframe>\n<\/div><\/figure>\n\n\n\n<p><strong>Weird Ugly Fish<\/strong> \u2013 about the path to music from other professional fields.<\/p>\n\n\n\n<figure class=\"wp-block-embed is-type-rich is-provider-spotify wp-block-embed-spotify wp-embed-aspect-21-9 wp-has-aspect-ratio\"><div class=\"wp-block-embed__wrapper\">\n<iframe title=\"Spotify Embed: S\u0117km\u0117s Ritmu\/Rhythm of Success - Weird Ugly Fish\" style=\"border-radius: 12px\" width=\"100%\" height=\"152\" frameborder=\"0\" allowfullscreen allow=\"autoplay; clipboard-write; encrypted-media; fullscreen; picture-in-picture\" loading=\"lazy\" src=\"https:\/\/open.spotify.com\/embed\/episode\/2HF4YVgO1nDVRJE9IDF4sA?si=PdlAvLd4RLyLPo2TAozQUw&amp;utm_source=oembed\"><\/iframe>\n<\/div><\/figure>\n\n\n\n<p><strong>Vytautas Labutis<\/strong> \u2013 what does it mean to stay on the creative path for four decades? On stage experience, values, and the longevity of creativity.<\/p>\n\n\n\n<figure class=\"wp-block-embed is-type-rich is-provider-spotify wp-block-embed-spotify wp-embed-aspect-21-9 wp-has-aspect-ratio\"><div class=\"wp-block-embed__wrapper\">\n<iframe title=\"Spotify Embed: S\u0117km\u0117s Ritmu\/Rhythm of Success - Vytautas Labutis\" style=\"border-radius: 12px\" width=\"100%\" height=\"152\" frameborder=\"0\" allowfullscreen allow=\"autoplay; clipboard-write; encrypted-media; fullscreen; picture-in-picture\" loading=\"lazy\" src=\"https:\/\/open.spotify.com\/embed\/episode\/53WcyCDR1Y7PPQ5lCHwctu?utm_source=oembed\"><\/iframe>\n<\/div><\/figure>\n\n\n\n<p><strong>Veronika ChiChi<\/strong> \u2013 what lies behind that powerful voice and radiant stage presence? On authenticity, creativity, and inner motivation.<\/p>\n\n\n\n<figure class=\"wp-block-embed is-type-rich is-provider-spotify wp-block-embed-spotify wp-embed-aspect-21-9 wp-has-aspect-ratio\"><div class=\"wp-block-embed__wrapper\">\n<iframe title=\"Spotify Embed: S\u0117km\u0117s Ritmu\/Rhythm of Success - Veronika ChiChi\" style=\"border-radius: 12px\" width=\"100%\" height=\"152\" frameborder=\"0\" allowfullscreen allow=\"autoplay; clipboard-write; encrypted-media; fullscreen; picture-in-picture\" loading=\"lazy\" src=\"https:\/\/open.spotify.com\/embed\/episode\/72o50zZ5SolbqfknMTj70b?utm_source=oembed\"><\/iframe>\n<\/div><\/figure>\n\n\n\n<p><strong>Kazimieras Krulikovskis<\/strong> \u2013 a conversation about the courage to make mistakes, mindfulness in music, and the challenges of collaborative creation with \u201cSHWR.\u201d<\/p>\n\n\n\n<figure class=\"wp-block-embed is-type-rich is-provider-spotify wp-block-embed-spotify wp-embed-aspect-21-9 wp-has-aspect-ratio\"><div class=\"wp-block-embed__wrapper\">\n<iframe title=\"Spotify Embed: S\u0117km\u0117s Ritmu\/Rhythm of Success - Kazimieras Krulikovskis\" style=\"border-radius: 12px\" width=\"100%\" height=\"152\" frameborder=\"0\" allowfullscreen allow=\"autoplay; clipboard-write; encrypted-media; fullscreen; picture-in-picture\" loading=\"lazy\" src=\"https:\/\/open.spotify.com\/embed\/episode\/5j3pmGTNZp5d4wi8KIwgRq?utm_source=oembed\"><\/iframe>\n<\/div><\/figure>\n\n\n\n<p><strong>Laima Slepkovait\u0117<\/strong> \u2013 a journey into the jargon of the jazz world and what musicians should know about their relationship with the media<\/p>\n\n\n\n<figure class=\"wp-block-embed is-type-rich is-provider-spotify wp-block-embed-spotify wp-embed-aspect-21-9 wp-has-aspect-ratio\"><div class=\"wp-block-embed__wrapper\">\n<iframe title=\"Spotify Embed: S\u0117km\u0117s Ritmu\/Rhythm of Success - Laima Slepkovait\u0117\" style=\"border-radius: 12px\" width=\"100%\" height=\"152\" frameborder=\"0\" allowfullscreen allow=\"autoplay; clipboard-write; encrypted-media; fullscreen; picture-in-picture\" loading=\"lazy\" src=\"https:\/\/open.spotify.com\/embed\/episode\/6pgi2rO5DD3m2WdvbJCL9Z?utm_source=oembed\"><\/iframe>\n<\/div><\/figure>\n\n\n\n<p><strong>K\u0119stutis Vaiginis<\/strong> \u2013 how the perception of success changes over time, and what unseen experiences shape a musician\u2019s identity.<\/p>\n\n\n\n<figure class=\"wp-block-embed is-type-rich is-provider-spotify wp-block-embed-spotify wp-embed-aspect-21-9 wp-has-aspect-ratio\"><div class=\"wp-block-embed__wrapper\">\n<iframe title=\"Spotify Embed: S\u0117km\u0117s Ritmu\/Rhythm of Success - K\u0119stutis Vaiginis\" style=\"border-radius: 12px\" width=\"100%\" height=\"152\" frameborder=\"0\" allowfullscreen allow=\"autoplay; clipboard-write; encrypted-media; fullscreen; picture-in-picture\" loading=\"lazy\" src=\"https:\/\/open.spotify.com\/embed\/episode\/0fAa0m7Qv0y0gQS8U3vp4V?utm_source=oembed\"><\/iframe>\n<\/div><\/figure>\n\n\n\n<p><strong>jazzahead! 2025<\/strong> \u2013 industry professionals from across Europe share what really shapes an artist\u2019s international journey.<\/p>\n\n\n\n<figure class=\"wp-block-embed is-type-rich is-provider-spotify wp-block-embed-spotify wp-embed-aspect-21-9 wp-has-aspect-ratio\"><div class=\"wp-block-embed__wrapper\">\n<iframe title=\"Spotify Embed: S\u0117km\u0117s Ritmu\/Rhythm of Success - jazzahead! 2025 (Special edition)\" style=\"border-radius: 12px\" width=\"100%\" height=\"152\" frameborder=\"0\" allowfullscreen allow=\"autoplay; clipboard-write; encrypted-media; fullscreen; picture-in-picture\" loading=\"lazy\" src=\"https:\/\/open.spotify.com\/embed\/episode\/6wwIizolYIqqeECV8BDr1l?utm_source=oembed\"><\/iframe>\n<\/div><\/figure>","protected":false},"excerpt":{"rendered":"<p>\u201cS\u0117km\u0117s ritmu&#8221; &#8211; tinklalaid\u0117 apie d\u017eiazo muzikos pasaul\u012f ir jo \u017emones. \u010cia atvirai ir nuo\u0161ird\u017eiai kalbam\u0117s su muzikantais, k\u016br\u0117jais, industrijos profesionalais bei ie\u0161kome atsakym\u0173, k\u0105 rei\u0161kia kurti, augti ir i\u0161likti \u0161iandienin\u0117je kult\u016bros scenoje. Kiekvienas epizodas \u2013 tai autenti\u0161kas asmeninis pasakojimas apie pa\u0161nekov\u0173 muzikin\u012f keli\u0105 ir j\u0173 gyvenimo patir\u010di\u0173 suformuotas asmenines vertybes. Mindaugas Stumbras &#8211; ie\u0161kojimai [&hellip;]<\/p>\n","protected":false},"author":1,"featured_media":0,"parent":0,"menu_order":0,"comment_status":"closed","ping_status":"closed","template":"","meta":{"_vp_format_video_url":"","_vp_image_focal_point":[],"footnotes":""},"class_list":["post-847","page","type-page","status-publish","hentry"],"_links":{"self":[{"href":"https:\/\/jazzlt.lt\/en\/wp-json\/wp\/v2\/pages\/847","targetHints":{"allow":["GET"]}}],"collection":[{"href":"https:\/\/jazzlt.lt\/en\/wp-json\/wp\/v2\/pages"}],"about":[{"href":"https:\/\/jazzlt.lt\/en\/wp-json\/wp\/v2\/types\/page"}],"author":[{"embeddable":true,"href":"https:\/\/jazzlt.lt\/en\/wp-json\/wp\/v2\/users\/1"}],"replies":[{"embeddable":true,"href":"https:\/\/jazzlt.lt\/en\/wp-json\/wp\/v2\/comments?post=847"}],"version-history":[{"count":3,"href":"https:\/\/jazzlt.lt\/en\/wp-json\/wp\/v2\/pages\/847\/revisions"}],"predecessor-version":[{"id":1052,"href":"https:\/\/jazzlt.lt\/en\/wp-json\/wp\/v2\/pages\/847\/revisions\/1052"}],"wp:attachment":[{"href":"https:\/\/jazzlt.lt\/en\/wp-json\/wp\/v2\/media?parent=847"}],"curies":[{"name":"wp","href":"https:\/\/api.w.org\/{rel}","templated":true}]}}