{"id":768,"date":"2025-03-30T18:41:09","date_gmt":"2025-03-30T16:41:09","guid":{"rendered":"https:\/\/jazzlt.lt\/?page_id=768"},"modified":"2025-03-30T18:44:09","modified_gmt":"2025-03-30T16:44:09","slug":"jazz-karavanas","status":"publish","type":"page","link":"https:\/\/jazzlt.lt\/en\/jazz-karavanas\/","title":{"rendered":"Jazz Karavanas"},"content":{"rendered":"<figure class=\"wp-block-image alignleft size-full is-resized\"><img loading=\"lazy\" decoding=\"async\" width=\"1024\" height=\"1024\" src=\"https:\/\/jazzlt.lt\/wp-content\/uploads\/2025\/03\/Karavano-logo-1.png\" alt=\"\" class=\"wp-image-770\" style=\"width:300px\" srcset=\"https:\/\/jazzlt.lt\/wp-content\/uploads\/2025\/03\/Karavano-logo-1.png 1024w, https:\/\/jazzlt.lt\/wp-content\/uploads\/2025\/03\/Karavano-logo-1-300x300.png 300w, https:\/\/jazzlt.lt\/wp-content\/uploads\/2025\/03\/Karavano-logo-1-150x150.png 150w, https:\/\/jazzlt.lt\/wp-content\/uploads\/2025\/03\/Karavano-logo-1-768x768.png 768w, https:\/\/jazzlt.lt\/wp-content\/uploads\/2025\/03\/Karavano-logo-1-12x12.png 12w, https:\/\/jazzlt.lt\/wp-content\/uploads\/2025\/03\/Karavano-logo-1-500x500.png 500w, https:\/\/jazzlt.lt\/wp-content\/uploads\/2025\/03\/Karavano-logo-1-800x800.png 800w\" sizes=\"auto, (max-width: 1024px) 100vw, 1024px\" \/><\/figure>\n\n\n\n<p>The Lithuanian Union's project \"Jazz Karavanas\" is a series of meetings between professional jazz masters and music school pupils. During these meetings, everyone will be able to learn more about jazz, improvisation, ask questions and maybe even improvise for the first time, guided by the jazz masters into these new experiences. Of course, the musicians will share not only their knowledge but also their music.<\/p>\n\n\n\n<p>The project will visit regional music and art schools.<\/p>\n\n\n\n<p class=\"has-text-align-left\">The cities already visited by the \"Jazz Karavanas\": K\u0117dainiai, Gar\u017egdai, Taurag\u0117 and Jurbarkas.<\/p>\n\n\n\n<p class=\"has-text-align-center\">Next expected cities:<br><em>To be announced...<\/em><\/p>","protected":false},"excerpt":{"rendered":"<p>Lietuvos d\u017eiazo federacijos projektas \u201cJazz Karavanas\u201d &#8211; tai profesionali\u0173 d\u017eiazo meistr\u0173 susitikimai su muzikos mokykl\u0173 moksleiviais. \u0160i\u0173 susitikim\u0173 met\u0173 visi norintys gal\u0117s su\u017einoti daugiau apie d\u017eiaz\u0105, improvizacij\u0105, u\u017eduoti savo klausimus ir gal net pirm\u0105 kart\u0105 paimprovizuoti vedami \u012f \u0161ias naujas patirtis d\u017eiazo meistr\u0173. \u017dinoma, muzikantai dalinsis ne tik \u017einiomis, bet ir muzika. Projekto metu d\u017eiazo [&hellip;]<\/p>\n","protected":false},"author":1,"featured_media":0,"parent":0,"menu_order":0,"comment_status":"closed","ping_status":"closed","template":"","meta":{"_vp_format_video_url":"","_vp_image_focal_point":[],"footnotes":""},"class_list":["post-768","page","type-page","status-publish","hentry"],"_links":{"self":[{"href":"https:\/\/jazzlt.lt\/en\/wp-json\/wp\/v2\/pages\/768","targetHints":{"allow":["GET"]}}],"collection":[{"href":"https:\/\/jazzlt.lt\/en\/wp-json\/wp\/v2\/pages"}],"about":[{"href":"https:\/\/jazzlt.lt\/en\/wp-json\/wp\/v2\/types\/page"}],"author":[{"embeddable":true,"href":"https:\/\/jazzlt.lt\/en\/wp-json\/wp\/v2\/users\/1"}],"replies":[{"embeddable":true,"href":"https:\/\/jazzlt.lt\/en\/wp-json\/wp\/v2\/comments?post=768"}],"version-history":[{"count":5,"href":"https:\/\/jazzlt.lt\/en\/wp-json\/wp\/v2\/pages\/768\/revisions"}],"predecessor-version":[{"id":776,"href":"https:\/\/jazzlt.lt\/en\/wp-json\/wp\/v2\/pages\/768\/revisions\/776"}],"wp:attachment":[{"href":"https:\/\/jazzlt.lt\/en\/wp-json\/wp\/v2\/media?parent=768"}],"curies":[{"name":"wp","href":"https:\/\/api.w.org\/{rel}","templated":true}]}}