{"id":753,"date":"2025-03-14T18:06:52","date_gmt":"2025-03-14T16:06:52","guid":{"rendered":"https:\/\/jazzlt.lt\/?page_id=753"},"modified":"2025-10-05T19:09:17","modified_gmt":"2025-10-05T17:09:17","slug":"ciurlioniui-150","status":"publish","type":"page","link":"https:\/\/jazzlt.lt\/en\/ciurlioniui-150\/","title":{"rendered":"\u010ciurlionis \u2013 150"},"content":{"rendered":"<p><strong>\"Following \u010ciurlionis\" - improvisations on the music of M.K.\u010ciurlionis<\/strong><\/p>\n\n\n\n<p>Jan Maksimovi\u010d - saxophone<br>Dmitrij Golovanov - piano<\/p>\n\n\n\n<p>\"After \u010ciurlionis\" is a dedication of the Lithuanian Jazz Union to commemorate the 150th anniversary of the birth of Mikalojus Konstantinas \u010ciurlionis. The twelve-concert cycle \"After \u010ciurlionis\" will feature the interpretation and improvisation of \u010ciurlionis' music by the country's most famous jazz musicians - Jan Maksimovi\u010d (saxophone) and Dmitrij Golovanov (piano). These concerts will not only be a journey through the genius' work, but also a celebration of deep emotions and improvisation, presenting a cultural dialogue between classical and contemporary jazz music.<\/p>\n\n\n\n<p>Celebrating the 150th anniversary of M. K. \u010ciurlionis' birth, his work continues to be a source of inspiration for many artists today. During the \"Following \u010ciurlionis\" concerts, jazz masters D. Golovanov and J. Maksimovi\u010dius invite the audience to experience not only \u010ciurlionis' music, but also a new interpretation of it, which they reveal using the language of improvisation and contemporary jazz.<\/p>\n\n\n\n<p>This kind of music interpretation requires not only technical mastery, but also deep emotional responsibility, as \u010ciurlionis' works often convey subtle emotions and philosophical ideas. \"Following \u010ciurlionis is a musical journey in which the musicians reject jazz stereotypes and use elements of \u010ciurlionis' creative language, such as harmony and motifs, to transform them into new forms. In this way, they preserve the original spirit of \u010ciurlionis' work while adapting it to the context of contemporary jazz and improvisation.<\/p>\n\n\n\n<p>Project is financed by the Lithuanian Council for Culture.<\/p>\n\n\n\n<p><strong>October 9<\/strong> &#8211; \u0160iauliai, Polifonija&nbsp;<br><a href=\"https:\/\/facebook.com\/events\/s\/finale-is-ciklo-fantazija-skir\/1803573437210489\/\">More information<\/a> &#8211; <a href=\"https:\/\/www.ticketmarket.lt\/lt\/e\/renginys\/polifonijos-koncertu-sale-bilietai-20251009\">Tickets<\/a><\/p>\n\n\n\n<p><strong>October 18<\/strong> &#8211; Klaip\u0117da, Klaip\u0117dos koncert\u0173 sal\u0117&nbsp;<br><a href=\"https:\/\/facebook.com\/events\/s\/paskui-ciurlioni\/2019116778887435\/?\">More information<\/a> &#8211; <a href=\"https:\/\/kakava.lt\/renginys\/paskui-ciurlioni\/10458\/20707\">Tickets<\/a><\/p>\n\n\n\n<p><strong>October 23<\/strong> &#8211; Vilkavi\u0161kis, Kult\u016bros centras\u00a0<br><a href=\"https:\/\/facebook.com\/events\/s\/paskui-ciurlioni-improvizacijo\/1460568525274149\/?\">More information<\/a> &#8211; Koncertas nemokamas<\/p>\n\n\n\n<p><strong>November 16 <\/strong>&#8211; Kaunas, Kauno Filharmonija<br><a href=\"https:\/\/kaunofilharmonija.lt\/paskui-ciurlioni-improvizacijos-pagal-m-k-ciurlionio-muzika-mikalojaus-konstantino-ciurlionio-150-osioms-gimimo-metinems-pamineti\/\u2069\">More information<\/a> &#8211; <a href=\"https:\/\/kakava.lt\/renginys\/paskui-ciurlioni-improvizacijos-pagal-m-k-ciurlionio-muzika\/10564\/20870\u2069\">Tickets<\/a><\/p>\n\n\n\n<p><strong>November 23<\/strong> &#8211; Var\u0117na<br><em>More information soon<\/em><\/p>\n\n\n\n<p><strong>Gruod\u017eio 13 d.<\/strong> &#8211; U\u017epali\u0173 dvaras, Utenos raj.<br><em>More information soon<\/em><\/p>\n\n\n\n<hr class=\"wp-block-separator has-alpha-channel-opacity\"\/>\n\n\n\n<p class=\"has-secondary-color has-text-color has-link-color wp-elements-cdcaf74b65957745000fb8195e90fdde\">Kovo 21 d.&nbsp;&#8211; Vilnius, Organum Sal\u0117<\/p>\n\n\n\n<p class=\"has-secondary-color has-text-color has-link-color wp-elements-2667d60c5179405240a4504831d2cef6\">Kovo 26 d. &#8211; Kretingos rajono kult\u016bros centras<\/p>\n\n\n\n<p class=\"has-secondary-color has-text-color has-link-color wp-elements-f796cbaf79f2dcdc40c583c0c8ba37b7\">Baland\u017eio 30 d. &#8211; Vilnius, Nacionalin\u0117 M. K. \u010ciurlionio men\u0173 mokykla<\/p>\n\n\n\n<p class=\"has-secondary-color has-text-color has-link-color wp-elements-463b4954c600b9a6564fb2b8a3806545\">Baland\u017eio 30 d. &#8211; Taurag\u0117<\/p>\n\n\n\n<p class=\"has-secondary-color has-text-color has-link-color wp-elements-f4d70808297d5df0cde31cf3e839010a\">Gegu\u017e\u0117s 3 d. &#8211; Palanga, Kurhauzas<\/p>\n\n\n\n<p class=\"has-secondary-color has-text-color has-link-color wp-elements-4fed652244fcd796604b54b5a727911a\">Gegu\u017e\u0117s 16 d. &#8211; K\u0117dainiai, Daugiakult\u016bris centras<\/p>\n\n\n\n<p class=\"has-secondary-color has-text-color has-link-color wp-elements-d8f28ed1a45845536b8b939fac50dc05\">Liepos 11 d. &#8211; Anyk\u0161\u010diai, Angel\u0173 muziejus<\/p>\n\n\n\n<p class=\"has-secondary-color has-text-color has-link-color wp-elements-addf115160ec0b1964e4dd17b0b71ba2\">Liepos 12 d. &#8211; Druskininkai, \u201eEgl\u0117s sanatorijos\u201c konferencij\u0173 sal\u0117<\/p>\n\n\n\n<p class=\"has-secondary-color has-text-color has-link-color wp-elements-3a794f2342893db0a7354d435e80740d\">Rugs\u0117jo 27 d. &#8211; Paliesiaus dvaras<\/p>","protected":false},"excerpt":{"rendered":"<p>,,Paskui \u010ciurlion\u012f\u201d &#8211; improvizacijos pagal M.K.\u010ciurlionio muzik\u0105 Janas Maksimovi\u010dius &#8211; saksofonasDmitrijus Golovanovas &#8211; fortepijonas \u201ePaskui \u010ciurlion\u012f\u201c &#8211; tai Lietuvos d\u017eiazo federacijos dedikacija Mikalojaus Konstantino \u010ciurlionio 150-osioms metin\u0117ms pamin\u0117ti. Dvylikos koncert\u0173 cikle \u201cPaskui \u010ciurlion\u012f\u201d Lietuvos miestuose \u010ciurlionio muzik\u0105 interpretuos ir improvizuos \u017eymus \u0161alies d\u017eiazo muzikantai &#8211; Janas Maksimovi\u010dius (saksofonas) ir Dmitrijus Golovanovas (fortepijonas). \u0160ie koncertai bus [&hellip;]<\/p>\n","protected":false},"author":1,"featured_media":0,"parent":0,"menu_order":0,"comment_status":"closed","ping_status":"closed","template":"","meta":{"_vp_format_video_url":"","_vp_image_focal_point":[],"footnotes":""},"class_list":["post-753","page","type-page","status-publish","hentry"],"_links":{"self":[{"href":"https:\/\/jazzlt.lt\/en\/wp-json\/wp\/v2\/pages\/753","targetHints":{"allow":["GET"]}}],"collection":[{"href":"https:\/\/jazzlt.lt\/en\/wp-json\/wp\/v2\/pages"}],"about":[{"href":"https:\/\/jazzlt.lt\/en\/wp-json\/wp\/v2\/types\/page"}],"author":[{"embeddable":true,"href":"https:\/\/jazzlt.lt\/en\/wp-json\/wp\/v2\/users\/1"}],"replies":[{"embeddable":true,"href":"https:\/\/jazzlt.lt\/en\/wp-json\/wp\/v2\/comments?post=753"}],"version-history":[{"count":12,"href":"https:\/\/jazzlt.lt\/en\/wp-json\/wp\/v2\/pages\/753\/revisions"}],"predecessor-version":[{"id":859,"href":"https:\/\/jazzlt.lt\/en\/wp-json\/wp\/v2\/pages\/753\/revisions\/859"}],"wp:attachment":[{"href":"https:\/\/jazzlt.lt\/en\/wp-json\/wp\/v2\/media?parent=753"}],"curies":[{"name":"wp","href":"https:\/\/api.w.org\/{rel}","templated":true}]}}