{"id":34,"date":"2023-11-27T19:48:59","date_gmt":"2023-11-27T19:48:59","guid":{"rendered":"https:\/\/federacija.sarkus.lt\/?page_id=34"},"modified":"2025-01-15T10:52:18","modified_gmt":"2025-01-15T08:52:18","slug":"apie","status":"publish","type":"page","link":"https:\/\/jazzlt.lt\/en\/apie\/","title":{"rendered":"About"},"content":{"rendered":"<p><strong>The Lithuanian Jazz Union<\/strong> is a non-governmental organization committed to bolstering the Lithuanian jazz community. Our mission includes:<\/p>\n\n\n\n<ul class=\"wp-block-list\">\n<li>Promoting the jazz genre within Lithuania.<\/li>\n\n\n\n<li>Showcasing Lithuanian jazz to international audiences.<\/li>\n\n\n\n<li>Facilitating networking opportunities.<\/li>\n\n\n\n<li>Providing educational initiatives.<\/li>\n\n\n\n<li>Exporting Lithuanian jazz to global markets.<\/li>\n<\/ul>\n\n\n\n<p>We appreciate creativity, equality, freedom, knowledge exchange, and respect for individuals, the environment, and art.<\/p>\n\n\n\n<p>In 2022, a new president and board were elected. <strong>The board of the Lithuanian Jazz Federation consists of:<\/strong><\/p>\n\n\n\n<p>Dorot\u0117ja B\u016bdait\u0117<br>Tadas Pasaravi\u010dius<br>Mindaugas Stumbras<br>Karolis \u0160arkus<br>Dovydas \u0160ulskis<\/p>\n\n\n\n<p>President of the Lithuanian Jazz Union:<br>Dmitrij Golovanov<\/p>","protected":false},"excerpt":{"rendered":"<p>Lietuvos d\u017eiazo federacija yra nevyriausybin\u0117 organizacija, siekianti stiprinti Lietuvos d\u017eiazo bendruomen\u0119. M\u016bs\u0173 misija apima: Vertiname k\u016brybi\u0161kum\u0105, lygyb\u0119, laisv\u0119, keitim\u0105si \u017einiomis, pagarb\u0105 \u017emogui, aplinkai ir menui. 2022 m. i\u0161rinktas naujas prezidentas ir valdyba. Lietuvos d\u017eiazo federacijos valdyb\u0105 sudaro: Dorot\u0117ja B\u016bdait\u0117Tadas Pasaravi\u010diusMindaugas StumbrasKarolis \u0160arkusDovydas \u0160ulskis Lietuvos d\u017eiazo federacijos prezidentas:Dmitrij Golovanov<\/p>","protected":false},"author":1,"featured_media":0,"parent":0,"menu_order":0,"comment_status":"closed","ping_status":"closed","template":"","meta":{"_vp_format_video_url":"","_vp_image_focal_point":[],"footnotes":""},"class_list":["post-34","page","type-page","status-publish","hentry"],"_links":{"self":[{"href":"https:\/\/jazzlt.lt\/en\/wp-json\/wp\/v2\/pages\/34","targetHints":{"allow":["GET"]}}],"collection":[{"href":"https:\/\/jazzlt.lt\/en\/wp-json\/wp\/v2\/pages"}],"about":[{"href":"https:\/\/jazzlt.lt\/en\/wp-json\/wp\/v2\/types\/page"}],"author":[{"embeddable":true,"href":"https:\/\/jazzlt.lt\/en\/wp-json\/wp\/v2\/users\/1"}],"replies":[{"embeddable":true,"href":"https:\/\/jazzlt.lt\/en\/wp-json\/wp\/v2\/comments?post=34"}],"version-history":[{"count":9,"href":"https:\/\/jazzlt.lt\/en\/wp-json\/wp\/v2\/pages\/34\/revisions"}],"predecessor-version":[{"id":556,"href":"https:\/\/jazzlt.lt\/en\/wp-json\/wp\/v2\/pages\/34\/revisions\/556"}],"wp:attachment":[{"href":"https:\/\/jazzlt.lt\/en\/wp-json\/wp\/v2\/media?parent=34"}],"curies":[{"name":"wp","href":"https:\/\/api.w.org\/{rel}","templated":true}]}}