{"id":270,"date":"2024-01-19T10:38:48","date_gmt":"2024-01-19T10:38:48","guid":{"rendered":"https:\/\/federacija.sarkus.lt\/?page_id=270"},"modified":"2025-09-23T21:44:37","modified_gmt":"2025-09-23T19:44:37","slug":"dziazo-klubai","status":"publish","type":"page","link":"https:\/\/jazzlt.lt\/en\/dziazo-klubai\/","title":{"rendered":"Clubs \/ festivals"},"content":{"rendered":"<hr class=\"wp-block-separator has-alpha-channel-opacity\"\/>\n\n\n\n<p class=\"has-text-align-center\">Jazz clubs:<\/p>\n\n\n\n<hr class=\"wp-block-separator has-alpha-channel-opacity\"\/>\n\n\n\n<p><strong>Jazz Cellar 11<br><\/strong>Vilnius<br><a href=\"mailto:jazzcellar11@gmail.com\">jazzcellar11@gmail.com<br><\/a><a href=\"https:\/\/facebook.com\/jazzcellar11\">https:\/\/facebook.com\/jazzcellar11<\/a><\/p>\n\n\n\n<p><strong>U\u017eupio D\u017eiazo Klubas<br><\/strong>Vilnius<br><a href=\"mailto:hello@uzupisjazz.lt\">hello@uzupisjazz.lt<br><\/a><a href=\"https:\/\/facebook.com\/uzupiodziazoklubas\">https:\/\/facebook.com\/uzupiodziazoklubas<\/a><\/p>\n\n\n\n<p><strong>Muzikos Stotis<br><\/strong>Vilnius<br><a href=\"mailto:muzikosstotis@gmail.com\">muzikosstotis@gmail.com<\/a><br><a href=\"https:\/\/facebook.com\/GyvosMuzikosStotis\">https:\/\/facebook.com\/GyvosMuzikosStotis<\/a><\/p>\n\n\n\n<p><strong>Improdimensija<\/strong><br>Vilnius<br><a href=\"mailto:tickets@improdimensija.lt\">tickets@improdimensija.lt<\/a><br><a href=\"https:\/\/www.facebook.com\/improdimensija\">https:\/\/www.facebook.com\/improdimensija<\/a><\/p>\n\n\n\n<p><strong>Muzikos Magijos Klubas<br><\/strong>Vilnius<br><a href=\"mailto:klubas@muzikosmagija.lt\">klubas@muzikosmagija.lt<br><\/a><a href=\"https:\/\/facebook.com\/MuzikosMagijosKlubas\">https:\/\/facebook.com\/MuzikosMagijosKlubas<\/a><\/p>\n\n\n\n<p><strong>Veranda<br><\/strong>Vilnius<br><a href=\"mailto:info@veranda.lt\">info@veranda.lt<\/a><br><a href=\"https:\/\/www.facebook.com\/svetaineveranda\">https:\/\/facebook.com\/svetaineveranda<\/a><\/p>\n\n\n\n<p><strong>Teatro Klubas<br><\/strong>Kaunas<br><a href=\"mailto:teatroklubasinfo@gmail.com\">teatroklubasinfo@gmail.com<br><\/a><a href=\"https:\/\/facebook.com\/TeatroklubasKaune\">https:\/\/facebook.com\/TeatroklubasKaune<\/a><\/p>\n\n\n\n<p><strong>Kurpiai<br><\/strong>Klaip\u0117da<br><a href=\"mailto:uabkurpiai@gmail.com\">uabkurpiai@gmail.com<br><\/a><a href=\"https:\/\/facebook.com\/kurpiai\">https:\/\/facebook.com\/kurpiai<\/a><\/p>\n\n\n\n<hr class=\"wp-block-separator has-alpha-channel-opacity\"\/>\n\n\n\n<p class=\"has-text-align-center\">Jazz festivals in Lithuania:<\/p>\n\n\n\n<hr class=\"wp-block-separator has-alpha-channel-opacity\"\/>\n\n\n\n<p><strong>ALYTAUS D\u017dIAZO FESTIVALIS<\/strong><\/p>\n\n\n\n<p><a href=\"https:\/\/www.alytuskc.lt\/naujienos\/alytus-jazz-24\">https:\/\/www.alytuskc.lt\/naujienos\/alytus-jazz-24<\/a><\/p>\n\n\n\n<p>Rugs\u0117jo m\u0117n.<\/p>\n\n\n\n<p><strong>BIG BAND FESTIVAL \u0160IAULIAI<\/strong><\/p>\n\n\n\n<p><a href=\"http:\/\/www.saule.lt\/uz-scenos\/big-band-festival-2022\/?fbclid=IwAR07OxiHxPatBjBWvPSEx1IzTKPEYt7zXAivZHwHG-2l-Oq5Y3vkGQlP76o\" rel=\"noreferrer noopener\" target=\"_blank\">www.saule.lt\/uz-scenos\/big-band-festival-2022\/<\/a><\/p>\n\n\n\n<p>Bir\u017eelio m\u0117n.<\/p>\n\n\n\n<p><strong>BIR\u0160TONAS JAZZ&nbsp;<\/strong><\/p>\n\n\n\n<p><a href=\"http:\/\/www.birstonasjazz.lt\/?fbclid=IwAR2ETz8pH7AUUBD5JC3evVAP7axENqjHGtIzfLLFDqh7QH2y2uoX6EybP8M\" rel=\"noreferrer noopener\" target=\"_blank\">www.birstonasjazz.lt<\/a><\/p>\n\n\n\n<p>Kas antrus metus, paskutin\u012f kovo savaitgal\u012f<\/p>\n\n\n\n<p><strong>BROMA JAZZ (K\u0116DAINIAI)<\/strong><\/p>\n\n\n\n<p><a href=\"https:\/\/www.facebook.com\/bromajazz\" target=\"_blank\" rel=\"noreferrer noopener\">www.facebook.com\/bromajazz<\/a><\/p>\n\n\n\n<p>Rugpj\u016b\u010dio m\u0117n.<\/p>\n\n\n\n<p><strong>DRUSKININKAI JAZZ&nbsp;<\/strong><\/p>\n\n\n\n<p><a href=\"https:\/\/www.facebook.com\/druskininkaijazz\/\" target=\"_blank\" rel=\"noreferrer noopener\">www.facebook.com\/druskininkaijazz\/<\/a><\/p>\n\n\n\n<p>Liepos m\u0117n.<\/p>\n\n\n\n<p><strong>ELEKTR\u0116NAI JAZZ FESTIVAL \u201cJAUNYST\u0116\u201d<\/strong><\/p>\n\n\n\n<p><a href=\"https:\/\/l.facebook.com\/l.php?u=http%3A%2F%2Fwww.ejazz.lt%2F%3Ffbclid%3DIwAR3WhOM2Tk_suR5zWcFRHsZtASlMMQPIHMaYfq6YLE0triBJrPNhdBmk5pE&amp;h=AT0hPN65joGcgm7cnImtrAdxwQi3n8LLdfH1SfaXzxB1G7QhmJ3Ae7q39mWX_V66htb4DuP4SGilxLxyFeMlRCYKgP-DcvujJk6GN-WtbZHKEMCx83TA1krdt5Hn9ffy9ck08qlz\" rel=\"noreferrer noopener\" target=\"_blank\">www.ejazz.lt<\/a><\/p>\n\n\n\n<p>Rugpj\u016b\u010dio m\u0117n.<\/p>\n\n\n\n<p><strong>GALV\u0116 JAZZ FIESTA&nbsp;<\/strong><\/p>\n\n\n\n<p><a href=\"https:\/\/l.facebook.com\/l.php?u=http%3A%2F%2Fwww.trakaijazz.lt%2F%3Ffbclid%3DIwAR0ehtrNG_IVWvF0ZaQZquU8ooyODaxwfeMm1exnT22YZcet9Xaxjbmpqsw&amp;h=AT0hPN65joGcgm7cnImtrAdxwQi3n8LLdfH1SfaXzxB1G7QhmJ3Ae7q39mWX_V66htb4DuP4SGilxLxyFeMlRCYKgP-DcvujJk6GN-WtbZHKEMCx83TA1krdt5Hn9ffy9ck08qlz\" rel=\"noreferrer noopener\" target=\"_blank\">www.trakaijazz.lt<\/a><\/p>\n\n\n\n<p>Vasaros sezonu<\/p>\n\n\n\n<p><strong>JAZZ DAYS IN TAURAG\u0116&nbsp;<\/strong><\/p>\n\n\n\n<p><a href=\"https:\/\/l.facebook.com\/l.php?u=http%3A%2F%2Fwww.tauragejazz.lt%2F%3Ffbclid%3DIwAR07OxiHxPatBjBWvPSEx1IzTKPEYt7zXAivZHwHG-2l-Oq5Y3vkGQlP76o&amp;h=AT0hPN65joGcgm7cnImtrAdxwQi3n8LLdfH1SfaXzxB1G7QhmJ3Ae7q39mWX_V66htb4DuP4SGilxLxyFeMlRCYKgP-DcvujJk6GN-WtbZHKEMCx83TA1krdt5Hn9ffy9ck08qlz\" rel=\"noreferrer noopener\" target=\"_blank\">www.tauragejazz.lt<\/a><\/p>\n\n\n\n<p>Bir\u017eelio \u2013 rugpj\u016b\u010dio m\u0117n.<\/p>\n\n\n\n<p><strong>JONAVA JAZZ&nbsp;<\/strong><\/p>\n\n\n\n<p><a href=\"https:\/\/l.facebook.com\/l.php?u=http%3A%2F%2Fwww.jonavajazz.lt%2F%3Ffbclid%3DIwAR3q5U9X9OBaP948SCXpKcte2jGU5UK5KgccGJEAV7rKSdvhx2MGgr6YgvQ&amp;h=AT0hPN65joGcgm7cnImtrAdxwQi3n8LLdfH1SfaXzxB1G7QhmJ3Ae7q39mWX_V66htb4DuP4SGilxLxyFeMlRCYKgP-DcvujJk6GN-WtbZHKEMCx83TA1krdt5Hn9ffy9ck08qlz\" rel=\"noreferrer noopener\" target=\"_blank\">www.jonavajazz.lt<\/a><\/p>\n\n\n\n<p>Spalio m\u0117n.<\/p>\n\n\n\n<p><strong>KAUNAS JAZZ FESTIVAL<\/strong><\/p>\n\n\n\n<p><a href=\"https:\/\/l.facebook.com\/l.php?u=http%3A%2F%2Fwww.kaunasjazz.lt%2F%3Ffbclid%3DIwAR15DSz0OxEVQPuq9pEa7mIHZKJoF-Btjd0bMSG1uBDOumfqS6N0ME4sdYA&amp;h=AT0hPN65joGcgm7cnImtrAdxwQi3n8LLdfH1SfaXzxB1G7QhmJ3Ae7q39mWX_V66htb4DuP4SGilxLxyFeMlRCYKgP-DcvujJk6GN-WtbZHKEMCx83TA1krdt5Hn9ffy9ck08qlz\" rel=\"noreferrer noopener\" target=\"_blank\">www.kaunasjazz.lt<\/a><\/p>\n\n\n\n<p>Baland\u017eio m\u0117n.<\/p>\n\n\n\n<p>&nbsp;<strong>KLAIP\u0116DA CASTLE JAZZ FESTIVAL<\/strong><\/p>\n\n\n\n<p><a href=\"https:\/\/l.facebook.com\/l.php?u=http%3A%2F%2Fwww.jazz.lt%2F%3Ffbclid%3DIwAR2_WB3LnTYELBoNXAdpKCAUr4BvQHKvb0IySVlOyT5azOD1YZPepFqhs9o&amp;h=AT0hPN65joGcgm7cnImtrAdxwQi3n8LLdfH1SfaXzxB1G7QhmJ3Ae7q39mWX_V66htb4DuP4SGilxLxyFeMlRCYKgP-DcvujJk6GN-WtbZHKEMCx83TA1krdt5Hn9ffy9ck08qlz\" rel=\"noreferrer noopener\" target=\"_blank\">www.jazz.lt<\/a><\/p>\n\n\n\n<p>Bir\u017eelio m\u0117n.<\/p>\n\n\n\n<p><strong>NIDA JAZZ MARATHON&nbsp;<\/strong><\/p>\n\n\n\n<p><a href=\"https:\/\/l.facebook.com\/l.php?u=http%3A%2F%2Fwww.nidajazz.lt%2F%3Ffbclid%3DIwAR07jM-Bz4VUVwkBuUPnaQ-wCgNa256Trxss4RFbqOhRkeYB8mULvrrFhps&amp;h=AT0hPN65joGcgm7cnImtrAdxwQi3n8LLdfH1SfaXzxB1G7QhmJ3Ae7q39mWX_V66htb4DuP4SGilxLxyFeMlRCYKgP-DcvujJk6GN-WtbZHKEMCx83TA1krdt5Hn9ffy9ck08qlz\" rel=\"noreferrer noopener\" target=\"_blank\">www.nidajazz.lt<\/a><\/p>\n\n\n\n<p>Liepos \u2013 rugpj\u016b\u010dio m\u0117n.<\/p>\n\n\n\n<p><strong>PANEV\u0116\u017dYS JAZZ&nbsp;<\/strong><\/p>\n\n\n\n<p>Lapkri\u010dio m\u0117n.<\/p>\n\n\n\n<p><strong>\u0160IAULIAI JAZZ&nbsp;<\/strong><\/p>\n\n\n\n<p><a href=\"https:\/\/l.facebook.com\/l.php?u=http%3A%2F%2Fwww.siauliaijazz.lt%2F%3Ffbclid%3DIwAR1-UrmV6pOz2MJNaaPgnXSgcqncFovQ94uVb7Yd7spoKBnNGx13cSgfGSI&amp;h=AT0hPN65joGcgm7cnImtrAdxwQi3n8LLdfH1SfaXzxB1G7QhmJ3Ae7q39mWX_V66htb4DuP4SGilxLxyFeMlRCYKgP-DcvujJk6GN-WtbZHKEMCx83TA1krdt5Hn9ffy9ck08qlz\" rel=\"noreferrer noopener\" target=\"_blank\">www.siauliaijazz.lt<\/a><\/p>\n\n\n\n<p>Rugpj\u016b\u010dio \u2013 rugs\u0117jo m\u0117n.<\/p>\n\n\n\n<p><strong>TAMSTA JAZZ WEEKEND&nbsp;<\/strong><\/p>\n\n\n\n<p><a href=\"https:\/\/l.facebook.com\/l.php?u=http%3A%2F%2Fwww.tamstaclub.lt%2F%3Ffbclid%3DIwAR1pkwqdZxQSPcyiMv_gJ9Js1kT6UCrzx_VB9h36Q40u7BCIsLTLiTgEOps&amp;h=AT0hPN65joGcgm7cnImtrAdxwQi3n8LLdfH1SfaXzxB1G7QhmJ3Ae7q39mWX_V66htb4DuP4SGilxLxyFeMlRCYKgP-DcvujJk6GN-WtbZHKEMCx83TA1krdt5Hn9ffy9ck08qlz\" rel=\"noreferrer noopener\" target=\"_blank\">www.tamstaclub.lt<\/a><\/p>\n\n\n\n<p>Kovo m\u0117n.<\/p>\n\n\n\n<p><strong>UTENOS REGIONO PERKUSIJOS IR D\u017dIAZO FESTIVALIS&nbsp;<\/strong><\/p>\n\n\n\n<p><a href=\"https:\/\/www.facebook.com\/people\/Utenos-regiono-Perkusijos-ir-D%C5%BEiazo-festivalis\" target=\"_blank\" rel=\"noreferrer noopener\">www.facebook.com\/people\/Utenos-regiono-Perkusijos-ir-D\u017eiazo-festivalis<\/a><\/p>\n\n\n\n<p>Rugpj\u016b\u010dio m\u0117n. Utenos raj.<\/p>\n\n\n\n<p><strong>VIEVIO D\u017dIAZO KLAVI\u0160AI&nbsp;<\/strong><\/p>\n\n\n\n<p><a href=\"https:\/\/l.facebook.com\/l.php?u=http%3A%2F%2Fwww.vieviokc.lt%2Fvievio-dziazo-klavisai%2F%3Ffbclid%3DIwAR2OLV48RmyFruc77Gd6zQc_2nEkIkoNtvcc5aq8zvtQ1uvGAh_vF9mhMuE&amp;h=AT0hPN65joGcgm7cnImtrAdxwQi3n8LLdfH1SfaXzxB1G7QhmJ3Ae7q39mWX_V66htb4DuP4SGilxLxyFeMlRCYKgP-DcvujJk6GN-WtbZHKEMCx83TA1krdt5Hn9ffy9ck08qlz\" rel=\"noreferrer noopener\" target=\"_blank\">www.vievisjazz.lt<\/a><\/p>\n\n\n\n<p>Ruden\u012f<\/p>\n\n\n\n<p><strong>VILNIUS JAZZ&nbsp;<\/strong><\/p>\n\n\n\n<p><a href=\"http:\/\/www.vilniusjazz.lt\/\">vilniusjazz.lt&nbsp;<\/a><\/p>\n\n\n\n<p>Spalio m\u0117n.<\/p>\n\n\n\n<p><strong>VILNIUS MAMA JAZZ&nbsp;<\/strong><\/p>\n\n\n\n<p><a href=\"https:\/\/vilniusmamajazz.lt\/\">vilniusmamajazz.lt&nbsp;<\/a><\/p>\n\n\n\n<p>Gegu\u017e\u0117s m\u0117n.<\/p>\n\n\n\n<hr class=\"wp-block-separator has-alpha-channel-opacity\"\/>\n\n\n\n<p class=\"has-text-align-center\">Jazz-friendly festivals:<\/p>\n\n\n\n<hr class=\"wp-block-separator has-alpha-channel-opacity\"\/>\n\n\n\n<p><strong>CHRISTOPHER SUMMER FESTIVAL&nbsp;<\/strong><\/p>\n\n\n\n<p><a href=\"http:\/\/www.kristupofestivalis.lt\/?fbclid=IwAR1W-t-R6peBApjz1xJpkWt5V01Jv5LVrq6jMPRZkahUrZ9_iZXoIAVcBws\" rel=\"noreferrer noopener\" target=\"_blank\">www.kristupofestivalis.lt<\/a><\/p>\n\n\n\n<p>Liepos \u2013 rugpj\u016b\u010dio m\u0117n. Vilniuje<\/p>\n\n\n\n<p><strong>INTERNATIONAL PERCUSSION MUSIC FESTIVAL \u201cPERCUSSION UKMERG\u0116\u201c<\/strong><\/p>\n\n\n\n<p>\u2028<a href=\"https:\/\/l.facebook.com\/l.php?u=http%3A%2F%2Fwww.percussionukmerge.lt%2F%3Ffbclid%3DIwAR3jBWKmVgDD1WcGEvb2X11n-VXME4HKNV6hqCmqQdolI9KLBNBdsjXKDwM&amp;h=AT21qXFRPaqQuJo2hOY87NulFYvtoiRIiBuDD-J1ocOGkK1QludA_d_kegXaYVoFaZeFCG0rGegatXkOXVO7yQzCimewNN_tY3SpeUhTmRy6GyNmPJRvXSPyytGbEfdv1sRDDcHe\" rel=\"noreferrer noopener\" target=\"_blank\">www.percussionukmerge.lt<\/a><\/p>\n\n\n\n<p>Kovo m\u0117n. Ukmerg\u0117je<\/p>\n\n\n\n<p><strong>MARIJAMPOL\u0116 MUSIC PARK\u2028<\/strong><\/p>\n\n\n\n<p><a href=\"https:\/\/l.facebook.com\/l.php?u=http%3A%2F%2Fwww.solartis.lt%2F%3Ffbclid%3DIwAR3Kf6yqYB5tABYAUkC6CE-xBEfjqHx3NTRai19ujnoiYp_UefdR7MixcI4&amp;h=AT21qXFRPaqQuJo2hOY87NulFYvtoiRIiBuDD-J1ocOGkK1QludA_d_kegXaYVoFaZeFCG0rGegatXkOXVO7yQzCimewNN_tY3SpeUhTmRy6GyNmPJRvXSPyytGbEfdv1sRDDcHe\" rel=\"noreferrer noopener\" target=\"_blank\">www.solartis.lt<\/a><\/p>\n\n\n\n<p>Rugpj\u016b\u010dio m\u0117n. Marijampol\u0117je<\/p>\n\n\n\n<p><strong>MA\u017dEIKI\u0172 MENO FESTIVALIS&nbsp;<\/strong><\/p>\n\n\n\n<p>Rugs\u0117jo \/ Spalio m\u0117n. Ma\u017eeikiuose<\/p>\n\n\n\n<p><strong>PA\u017dAISLIS MUSIC FESTIVAL \u2028<\/strong><\/p>\n\n\n\n<p><a href=\"https:\/\/l.facebook.com\/l.php?u=http%3A%2F%2Fwww.pazaislis.lt%2F%3Ffbclid%3DIwAR1x9iZJ2ehd5CdrGbRzhQqXrqzE5NQQqhehmO199NUgjG8f_x8kkAv02Jc&amp;h=AT21qXFRPaqQuJo2hOY87NulFYvtoiRIiBuDD-J1ocOGkK1QludA_d_kegXaYVoFaZeFCG0rGegatXkOXVO7yQzCimewNN_tY3SpeUhTmRy6GyNmPJRvXSPyytGbEfdv1sRDDcHe\" rel=\"noreferrer noopener\" target=\"_blank\">www.pazaislis.lt<\/a><\/p>\n\n\n\n<p>Bir\u017eelio \u2013 rugpj\u016b\u010dio m\u0117n. Kauno raj.<\/p>\n\n\n\n<p><strong>RASEINIAI CONTEMPORARY MUSIC FESTIVAL \u2028<\/strong><\/p>\n\n\n\n<p><a href=\"http:\/\/www.raseiniaifestival.lt\/?fbclid=IwAR3jBWKmVgDD1WcGEvb2X11n-VXME4HKNV6hqCmqQdolI9KLBNBdsjXKDwM\" rel=\"noreferrer noopener\" target=\"_blank\">www.raseiniaifestival.lt<\/a><\/p>\n\n\n\n<p>Rugpj\u016b\u010dio m\u0117n. Raseiniuose<\/p>\n\n\n\n<p><strong>VASAROS SONATA&nbsp;<\/strong><\/p>\n\n\n\n<p><a href=\"https:\/\/www.facebook.com\/vasarossonata\/\" target=\"_blank\" rel=\"noreferrer noopener\">www.facebook.com\/vasarossonata\/<\/a><\/p>\n\n\n\n<p>Rugpj\u016b\u010dio m\u0117n. Var\u0117noje<\/p>\n\n\n\n<p><strong>VILNIUS GOSPEL FESTIVAL&nbsp;<\/strong><\/p>\n\n\n\n<p><a href=\"https:\/\/l.facebook.com\/l.php?u=http%3A%2F%2Fwww.vilniusgospel.lt%2F%3Ffbclid%3DIwAR1QOEBXBaTJHjxIR_-48rPyLOTUdObz8vThHU3WZUbj915HlDtFhYUFJyw&amp;h=AT21qXFRPaqQuJo2hOY87NulFYvtoiRIiBuDD-J1ocOGkK1QludA_d_kegXaYVoFaZeFCG0rGegatXkOXVO7yQzCimewNN_tY3SpeUhTmRy6GyNmPJRvXSPyytGbEfdv1sRDDcHe\" rel=\"noreferrer noopener\" target=\"_blank\">www.vilniusgospel.lt<\/a><\/p>\n\n\n\n<p>Lapkri\u010dio m\u0117n. Vilniuje<\/p>\n\n\n\n<p><strong>\u017dI REKOMENDUOJA FESTIVALIS&nbsp;<\/strong><\/p>\n\n\n\n<p><a href=\"https:\/\/www.facebook.com\/Zirekomenduoja\/\" target=\"_blank\" rel=\"noreferrer noopener\">www.facebook.com\/Zirekomenduoja\/<\/a><\/p>\n\n\n\n<p>Vasario m\u0117n. Vilniuje<\/p>","protected":false},"excerpt":{"rendered":"<p>D\u017eiazo klubai: Jazz Cellar 11Vilniusjazzcellar11@gmail.comhttps:\/\/facebook.com\/jazzcellar11 U\u017eupio D\u017eiazo KlubasVilniushello@uzupisjazz.lthttps:\/\/facebook.com\/uzupiodziazoklubas Muzikos StotisVilniusmuzikosstotis@gmail.comhttps:\/\/facebook.com\/GyvosMuzikosStotis ImprodimensijaVilniustickets@improdimensija.lthttps:\/\/www.facebook.com\/improdimensija Muzikos Magijos KlubasVilniusklubas@muzikosmagija.lthttps:\/\/facebook.com\/MuzikosMagijosKlubas VerandaVilniusinfo@veranda.lthttps:\/\/facebook.com\/svetaineveranda Teatro KlubasKaunasteatroklubasinfo@gmail.comhttps:\/\/facebook.com\/TeatroklubasKaune KurpiaiKlaip\u0117dauabkurpiai@gmail.comhttps:\/\/facebook.com\/kurpiai D\u017eiazo festivaliai Lietuvoje: ALYTAUS D\u017dIAZO FESTIVALIS https:\/\/www.alytuskc.lt\/naujienos\/alytus-jazz-24 Rugs\u0117jo m\u0117n. BIG BAND FESTIVAL \u0160IAULIAI www.saule.lt\/uz-scenos\/big-band-festival-2022\/ Bir\u017eelio m\u0117n. BIR\u0160TONAS JAZZ&nbsp; www.birstonasjazz.lt Kas antrus metus, paskutin\u012f kovo savaitgal\u012f BROMA JAZZ (K\u0116DAINIAI) www.facebook.com\/bromajazz Rugpj\u016b\u010dio m\u0117n. DRUSKININKAI JAZZ&nbsp; www.facebook.com\/druskininkaijazz\/ Liepos m\u0117n. ELEKTR\u0116NAI [&hellip;]<\/p>\n","protected":false},"author":1,"featured_media":0,"parent":0,"menu_order":0,"comment_status":"closed","ping_status":"closed","template":"","meta":{"_vp_format_video_url":"","_vp_image_focal_point":[],"footnotes":""},"class_list":["post-270","page","type-page","status-publish","hentry"],"_links":{"self":[{"href":"https:\/\/jazzlt.lt\/en\/wp-json\/wp\/v2\/pages\/270","targetHints":{"allow":["GET"]}}],"collection":[{"href":"https:\/\/jazzlt.lt\/en\/wp-json\/wp\/v2\/pages"}],"about":[{"href":"https:\/\/jazzlt.lt\/en\/wp-json\/wp\/v2\/types\/page"}],"author":[{"embeddable":true,"href":"https:\/\/jazzlt.lt\/en\/wp-json\/wp\/v2\/users\/1"}],"replies":[{"embeddable":true,"href":"https:\/\/jazzlt.lt\/en\/wp-json\/wp\/v2\/comments?post=270"}],"version-history":[{"count":7,"href":"https:\/\/jazzlt.lt\/en\/wp-json\/wp\/v2\/pages\/270\/revisions"}],"predecessor-version":[{"id":840,"href":"https:\/\/jazzlt.lt\/en\/wp-json\/wp\/v2\/pages\/270\/revisions\/840"}],"wp:attachment":[{"href":"https:\/\/jazzlt.lt\/en\/wp-json\/wp\/v2\/media?parent=270"}],"curies":[{"name":"wp","href":"https:\/\/api.w.org\/{rel}","templated":true}]}}