{"id":114,"date":"2023-11-27T22:06:31","date_gmt":"2023-11-27T22:06:31","guid":{"rendered":"https:\/\/federacija.sarkus.lt\/?page_id=114"},"modified":"2025-01-15T10:45:17","modified_gmt":"2025-01-15T08:45:17","slug":"istorija","status":"publish","type":"page","link":"https:\/\/jazzlt.lt\/en\/istorija\/","title":{"rendered":"History"},"content":{"rendered":"<p>During the interwar period Lithuania, like other European countries sought a path of democracy and began to spread the jazz ideology. Here, in the restaurants of Kaunas, different rhythms and harmonies began to appear (ensembles like Moi\u0161\u0117 Hofmekleris, Danielius Pomerancs, etc.).\nIn the post-war period, the 1960s, jazz was a phenomenon foreign to soviet ideology. However, despite the oppression, Juozas Ti\u0161kus big band, orchestra Nemuno \u017diburiai were already able to perform complex works of the swing era.\n1961, jazz conference and concert organized at Lithuanian Academy of Music and Theatre marks the beginning of jazz education. 1963-1965 the first jazz club was established in restaurant Neringa. Jazz festival Jaunyst\u0117\u2019 68 held in Elektr\u0117nai started the era of Lithuanian jazz festivals. \n1971 marks the beginning of the development of the concert activity of the legendary Ganelin Trio. The ensemble later became the leaders of Lithuanian jazz and defined the identity of Lithuanian jazz.\nin 1980 Bir\u0161tonas jazz festival became a starting point for the new, active and dynamic life of the jazz community, which continues to grow and develop to this day.<\/p>\n\n\n\n<p><em>Text by R\u016bta Skudien\u0117.<\/em><\/p>\n\n\n\n<p class=\"has-medium-font-size\">Learn more at <a href=\"https:\/\/jazzhistory.lt\/\">jazzhistory.lt<\/a>!<\/p>","protected":false},"excerpt":{"rendered":"<p>Lietuvos d\u017eiazas: tekstai, nuotraukos, muzikos \u012fra\u0161ai (1920 \u20131990) Kaip kintan\u010di\u0173 laik\u0173 ir pa\u017eangos i\u0161rai\u0161ka XX a. d\u017eiazas Europoje pl\u0117tojosi demokratiniu keliu \u017eengian\u010diose valstyb\u0117se, kokia ir buvo pirmoji Lietuvos Respublika (1918\u20131940), su pramoga sieta \u0161io \u017eanro muzika skamb\u0117jo kavini\u0173, restoran\u0173 programose laikinojoje sostin\u0117je Kaune. Sovietme\u010diu, pokariu d\u017eiazas laikytas sovietinei ideologijai nepriimtinu, svetimu rei\u0161kiniu. Visgi, politinio at\u0161ilimo [&hellip;]<\/p>\n","protected":false},"author":1,"featured_media":0,"parent":0,"menu_order":0,"comment_status":"closed","ping_status":"closed","template":"","meta":{"_vp_format_video_url":"","_vp_image_focal_point":[],"footnotes":""},"class_list":["post-114","page","type-page","status-publish","hentry"],"_links":{"self":[{"href":"https:\/\/jazzlt.lt\/en\/wp-json\/wp\/v2\/pages\/114","targetHints":{"allow":["GET"]}}],"collection":[{"href":"https:\/\/jazzlt.lt\/en\/wp-json\/wp\/v2\/pages"}],"about":[{"href":"https:\/\/jazzlt.lt\/en\/wp-json\/wp\/v2\/types\/page"}],"author":[{"embeddable":true,"href":"https:\/\/jazzlt.lt\/en\/wp-json\/wp\/v2\/users\/1"}],"replies":[{"embeddable":true,"href":"https:\/\/jazzlt.lt\/en\/wp-json\/wp\/v2\/comments?post=114"}],"version-history":[{"count":2,"href":"https:\/\/jazzlt.lt\/en\/wp-json\/wp\/v2\/pages\/114\/revisions"}],"predecessor-version":[{"id":550,"href":"https:\/\/jazzlt.lt\/en\/wp-json\/wp\/v2\/pages\/114\/revisions\/550"}],"wp:attachment":[{"href":"https:\/\/jazzlt.lt\/en\/wp-json\/wp\/v2\/media?parent=114"}],"curies":[{"name":"wp","href":"https:\/\/api.w.org\/{rel}","templated":true}]}}